{"id":33,"date":"2022-09-19T11:04:34","date_gmt":"2022-09-19T11:04:34","guid":{"rendered":"https:\/\/villalorenzo.com\/?page_id=33"},"modified":"2023-03-28T09:00:47","modified_gmt":"2023-03-28T09:00:47","slug":"politica-de-cookies","status":"publish","type":"page","link":"https:\/\/villalorenzo.com\/de\/politica-de-cookies\/","title":{"rendered":"Pol\u00edtica de cookies"},"content":{"rendered":"\t\t<div data-elementor-type=\"wp-page\" data-elementor-id=\"33\" class=\"elementor elementor-33\" data-elementor-settings=\"{&quot;ha_cmc_init_switcher&quot;:&quot;no&quot;}\" data-elementor-post-type=\"page\">\n\t\t\t\t<div class=\"elementor-element elementor-element-5f8bdb8 e-flex e-con-boxed e-con e-parent\" data-id=\"5f8bdb8\" data-element_type=\"container\" data-e-type=\"container\" data-settings=\"{&quot;_ha_eqh_enable&quot;:false}\">\n\t\t\t\t\t<div class=\"e-con-inner\">\n\t\t\t\t<div class=\"elementor-element elementor-element-29d2645 elementor-widget elementor-widget-text-editor\" data-id=\"29d2645\" data-element_type=\"widget\" data-e-type=\"widget\" data-widget_type=\"text-editor.default\">\n\t\t\t\t<div class=\"elementor-widget-container\">\n\t\t\t\t\t\t\t\t\t<h1 class=\"m-auto\">POL\u00cdTICA DE COOKIES<\/h1>\nEl acceso a este Sitio Web puede implicar la utilizaci\u00f3n de cookies. Las cookies son peque\u00f1as cantidades de informaci\u00f3n que se almacenan en el navegador utilizado por cada Usuario \u2014en los distintos dispositivos que pueda utilizar para navegar\u2014 para que el servidor recuerde cierta informaci\u00f3n que posteriormente y \u00fanicamente el servidor que la implement\u00f3 leer\u00e1. Las cookies facilitan la navegaci\u00f3n, la hacen m\u00e1s amigable, y no da\u00f1an el dispositivo de navegaci\u00f3n.\n\nLas cookies son procedimientos autom\u00e1ticos de recogida de informaci\u00f3n relativa a las preferencias determinadas por el Usuario durante su visita al Sitio Web con el fin de reconocerlo como Usuario, y personalizar su experiencia y el uso del Sitio Web, y pueden tambi\u00e9n, por ejemplo, ayudar a identificar y resolver errores.\n\nLa informaci\u00f3n recabada a trav\u00e9s de las cookies puede incluir la fecha y hora de visitas al Sitio Web, las p\u00e1ginas visionadas, el tiempo que ha estado en el Sitio Web y los sitios visitados justo antes y despu\u00e9s del mismo. Sin embargo, ninguna cookie permite que esta misma pueda contactarse con el n\u00famero de tel\u00e9fono del Usuario o con cualquier otro medio de contacto personal. Ninguna cookie puede extraer informaci\u00f3n del disco duro del Usuario o robar informaci\u00f3n personal. La \u00fanica manera de que la informaci\u00f3n privada del Usuario forme parte del archivo Cookie es que el usuario d\u00e9 personalmente esa informaci\u00f3n al servidor.\n\nLas cookies que permiten identificar a una persona se consideran datos personales. Por tanto, a las mismas les ser\u00e1 de aplicaci\u00f3n la Pol\u00edtica de Privacidad anteriormente descrita. En este sentido, para la utilizaci\u00f3n de las mismas ser\u00e1 necesario el consentimiento del Usuario. Este consentimiento ser\u00e1 comunicado, en base a una elecci\u00f3n aut\u00e9ntica, ofrecido mediante una decisi\u00f3n afirmativa y positiva, antes del tratamiento inicial, removible y documentado.\n<h4>Cookies empleadas<\/h4>\n\n<table style=\"text-align: left;\">\n  <thead>\n    <tr>\n      <th>Cookie<\/th>\n      <th>Propiedad<\/th>\n      <th>Tipo<\/th>\n      <th>Duraci\u00f3n<\/th>\n      <th>Descripci\u00f3n<\/th>\n      \n    <\/tr>\n  <\/thead>\n  <tbody>\n    <tr>\n      <th>\n        <label>cookielawinfo-checkbox-functional <\/label>\n      <\/th>\n\n      <td>Sitio web<\/td>\n      <td>Necesarias<\/td>\n      <td>11 meses<\/td>\n      <td>Esta cookie es establecida por el plugin GDPR Cookie Consent. La cookie se utiliza para almacenar el consentimiento del usuario para las cookies de la categor\u00eda \u00abFuncional\u00bb.<\/td>\n    <\/tr>\n    <tr>\n      <th>\n        <label>cookielawinfo-checkbox-analytics <\/label>\n      <\/th>\n\n      <td>Sitio web<\/td>\n      <td>Necesarias<\/td>\n      <td>11 meses<\/td>\n      <td>Esta cookie es establecida por el plugin GDPR Cookie Consent. La cookie se utiliza para almacenar el consentimiento del usuario para las cookies de la categor\u00eda \u00abAnalytics\u00bb.<\/td>\n    <\/tr>\n    <tr>\n      <th>\n        <label>cookielawinfo-checkbox-necessary <\/label>\n      <\/th>\n\n      <td>Sitio web<\/td>\n      <td>Necesarias<\/td>\n      <td>11 meses<\/td>\n      <td>Esta cookie es establecida por el plugin GDPR Cookie Consent. Las cookies se utilizan para almacenar el consentimiento del usuario para las cookies en la categor\u00eda \u00abNecesario\u00bb.<\/td>\n    <\/tr>\n    <tr>\n      <th>\n        <label>viewed_cookie_policy <\/label>\n      <\/th>\n\n      <td>Sitio web<\/td>\n      <td>Necesarias<\/td>\n      <td>11 meses<\/td>\n      <td>La cookie es establecida por el plugin GDPR Cookie Consent y se utiliza para almacenar si el usuario ha consentido o no el uso de cookies. No almacena ning\u00fan dato personal.<\/td>\n    <\/tr>\n    <tr>\n      <th>\n        <label>_GRECAPTCHA <\/label>\n      <\/th>\n\n      <td>Sitio web<\/td>\n      <td>Necesarias<\/td>\n      <td>6 meses<\/td>\n      <td>Google Recaptcha. Utilizada por el servicio GOOGLE RECAPTCHA en los formularios para evitar SPAM.<\/td>\n    <\/tr>\n    <tr>\n      <th>\n        <label>_ga <\/label>\n      <\/th>\n\n      <td>De terceros<\/td>\n      <td>Anal\u00edticas<\/td>\n      <td>2 a\u00f1os<\/td>\n      <td>Google Analytics. Se usa para distinguir a los usuarios.<\/td>\n    <\/tr>\n    <tr>\n      <th>\n        <label>_gid <\/label>\n      <\/th>\n\n      <td>De terceros<\/td>\n      <td>Anal\u00edticas<\/td>\n      <td>24 horas<\/td>\n      <td>Google Analytics. Se usa para distinguir a los usuarios.<\/td>\n    <\/tr>\n    <tr>\n      <th>\n        <label>_fbp <\/label>\n      <\/th>\n\n      <td>De terceros<\/td>\n      <td>Funcionales<\/td>\n      <td>90 d\u00edas<\/td>\n      <td>Facebook P\u00edxel. Identifica los navegadores para proporcionar servicios publicitarios y de an\u00e1lisis de sitios web<\/td>\n    <\/tr>\n  <\/tbody>\n<\/table>\n\n\n<h4>Cookies propias<\/h4>\nSon aquellas cookies que son enviadas al ordenador o dispositivo del Usuario y gestionadas exclusivamente por <span class=\"blanc-space ng-binding\"><\/span> para el mejor funcionamiento del Sitio Web. La informaci\u00f3n que se recaba se emplea para mejorar la calidad del Sitio Web y su Contenido y su experiencia como Usuario. Estas cookies permiten reconocer al Usuario como visitante recurrente del Sitio Web y adaptar el contenido para ofrecerle contenidos que se ajusten a sus preferencias.\n\n[cookie_audit]\n<h4>Cookies de terceros<\/h4>\nSon cookies utilizadas y gestionadas por entidades externas que proporcionan a <span class=\"blanc-space ng-binding\"><\/span> servicios solicitados por este mismo para mejorar el Sitio Web y la experiencia del usuario al navegar en el Sitio Web. Los principales objetivos para los que se utilizan cookies de terceros son la obtenci\u00f3n de estad\u00edsticas de accesos y analizar la informaci\u00f3n de la navegaci\u00f3n, es decir, c\u00f3mo interact\u00faa el Usuario con el Sitio Web.\n\nLa informaci\u00f3n que se obtiene se refiere, por ejemplo, al n\u00famero de p\u00e1ginas visitadas, el idioma, el lugar a la que la direcci\u00f3n IP desde el que accede el Usuario, el n\u00famero de Usuarios que acceden, la frecuencia y reincidencia de las visitas, el tiempo de visita, el navegador que usan, el operador o tipo de dispositivo desde el que se realiza la visita. Esta informaci\u00f3n se utiliza para mejorar el Sitio Web, y detectar nuevas necesidades para ofrecer a los Usuarios un Contenido y\/o servicio de \u00f3ptima calidad. En todo caso, la informaci\u00f3n se recopila de forma an\u00f3nima y se elaboran informes de tendencias del Sitio Web sin identificar a usuarios individuales.\n\nPuede obtener m\u00e1s informaci\u00f3n sobre las cookies, la informaci\u00f3n sobre la privacidad, o consultar la descripci\u00f3n del tipo de cookies que se utiliza, sus principales caracter\u00edsticas, periodo de expiraci\u00f3n, etc. en el siguiente(s) enlace(s):\n\nGoogle Analytics: https:\/\/developers.google.com\/analytics\/\n\nLa(s) entidad(es) encargada(s) del suministro de cookies podr\u00e1(n) ceder esta informaci\u00f3n a terceros, siempre y cuando lo exija la ley o sea un tercero el que procese esta informaci\u00f3n para dichas entidades.\n<h4>Cookies de redes sociales<\/h4>\n<b><\/b> incorpora plugins de redes sociales, que permiten acceder a las mismas a partir del Sitio Web. Por esta raz\u00f3n, las cookies de redes sociales pueden almacenarse en el navegador del Usuario. Los titulares de dichas redes sociales disponen de sus propias pol\u00edticas de protecci\u00f3n de datos y de cookies, siendo ellos mismos, en cada caso, responsables de sus propios ficheros y de sus propias pr\u00e1cticas de privacidad. El Usuario debe referirse a las mismas para informarse acerca de dichas cookies y, en su caso, del tratamiento de sus datos personales. \u00danicamente a t\u00edtulo informativo se indican a continuaci\u00f3n los enlaces en los que se pueden consultar dichas pol\u00edticas de privacidad y\/o de cookies:\n<ul>\n \t<li>Facebook: <a href=\"https:\/\/www.facebook.com\/policies\/cookies\/\">https:\/\/www.facebook.com\/policies\/cookies\/<\/a><\/li>\n \t<li>Twitter: <a href=\"https:\/\/twitter.com\/es\/privacy\">https:\/\/twitter.com\/es\/privacy<\/a><\/li>\n \t<li>Instagram: <a href=\"https:\/\/help.instagram.com\/1896641480634370?ref=ig\">https:\/\/help.instagram.com\/1896641480634370?ref=ig<\/a><\/li>\n \t<li>YouTube: <a href=\"https:\/\/policies.google.com\/privacy?hl=es-419&amp;gl=mx\">https:\/\/policies.google.com\/privacy?hl=es-419&amp;gl=mx<\/a><\/li>\n \t<li>Pinterest: <a href=\"https:\/\/policy.pinterest.com\/es\/privacy-policy\">https:\/\/policy.pinterest.com\/es\/privacy-policy<\/a><\/li>\n \t<li>LinkedIn: <a href=\"https:\/\/www.linkedin.com\/legal\/cookie-policy?trk=hp-cookies\">https:\/\/www.linkedin.com\/legal\/cookie-policy?trk=hp-cookies<\/a><\/li>\n<\/ul>\n<h4>Deshabilitar, rechazar y eliminar cookies<\/h4>\nEl Usuario puede deshabilitar, rechazar y eliminar las cookies \u2014total o parcialmente\u2014 instaladas en su dispositivo mediante la configuraci\u00f3n de su navegador (entre los que se encuentran, por ejemplo, Chrome, Firefox, Safari, Explorer). En este sentido, los procedimientos para rechazar y eliminar las cookies pueden diferir de un navegador de Internet a otro. En consecuencia, el Usuario debe acudir a las instrucciones facilitadas por el propio navegador de Internet que est\u00e9 utilizando. En el supuesto de que rechace el uso de cookies \u2014total o parcialmente\u2014 podr\u00e1 seguir usando el Sitio Web, si bien podr\u00e1 tener limitada la utilizaci\u00f3n de algunas de las prestaciones del mismo.\n\nEste documento de Pol\u00edtica de Cookies ha sido creado mediante el generador de <a class=\"text-body text-decoration-none\" href=\"https:\/\/textos-legales.edgartamarit.com\/\">plantilla de pol\u00edtica de cookies<\/a> online el d\u00eda 16\/09\/2022.\t\t\t\t\t\t\t\t<\/div>\n\t\t\t\t<\/div>\n\t\t\t\t\t<\/div>\n\t\t\t\t<\/div>\n\t\t\t\t<\/div>\n\t\t","protected":false},"excerpt":{"rendered":"<p>POL\u00cdTICA DE COOKIES El acceso a este Sitio Web puede implicar la utilizaci\u00f3n de cookies. Las cookies son peque\u00f1as cantidades de informaci\u00f3n que se almacenan en el navegador utilizado por cada Usuario \u2014en los distintos dispositivos que pueda utilizar para navegar\u2014 para que el servidor recuerde cierta informaci\u00f3n que posteriormente y \u00fanicamente el servidor que [&hellip;]<\/p>\n","protected":false},"author":1,"featured_media":0,"parent":0,"menu_order":0,"comment_status":"closed","ping_status":"closed","template":"elementor_header_footer","meta":{"footnotes":""},"class_list":["post-33","page","type-page","status-publish","hentry"],"yoast_head":"<!-- This site is optimized with the Yoast SEO plugin v27.3 - https:\/\/yoast.com\/product\/yoast-seo-wordpress\/ -->\n<title>Pol\u00edtica de cookies - Villa Lorenzo De<\/title>\n<meta name=\"robots\" content=\"noindex, nofollow\" \/>\n<meta property=\"og:locale\" content=\"es_ES\" \/>\n<meta property=\"og:type\" content=\"article\" \/>\n<meta property=\"og:title\" content=\"Pol\u00edtica de cookies - Villa Lorenzo De\" \/>\n<meta property=\"og:description\" content=\"POL\u00cdTICA DE COOKIES El acceso a este Sitio Web puede implicar la utilizaci\u00f3n de cookies. Las cookies son peque\u00f1as cantidades de informaci\u00f3n que se almacenan en el navegador utilizado por cada Usuario \u2014en los distintos dispositivos que pueda utilizar para navegar\u2014 para que el servidor recuerde cierta informaci\u00f3n que posteriormente y \u00fanicamente el servidor que [&hellip;]\" \/>\n<meta property=\"og:url\" content=\"https:\/\/villalorenzo.com\/de\/politica-de-cookies\/\" \/>\n<meta property=\"og:site_name\" content=\"Villa Lorenzo De\" \/>\n<meta property=\"article:modified_time\" content=\"2023-03-28T09:00:47+00:00\" \/>\n<meta name=\"twitter:card\" content=\"summary_large_image\" \/>\n<meta name=\"twitter:label1\" content=\"Tiempo de lectura\" \/>\n\t<meta name=\"twitter:data1\" content=\"5 minutos\" \/>\n<script type=\"application\/ld+json\" class=\"yoast-schema-graph\">{\"@context\":\"https:\\\/\\\/schema.org\",\"@graph\":[{\"@type\":\"WebPage\",\"@id\":\"https:\\\/\\\/villalorenzo.com\\\/de\\\/politica-de-cookies\\\/\",\"url\":\"https:\\\/\\\/villalorenzo.com\\\/de\\\/politica-de-cookies\\\/\",\"name\":\"Pol\u00edtica de cookies - Villa Lorenzo De\",\"isPartOf\":{\"@id\":\"https:\\\/\\\/villalorenzo.com\\\/de\\\/#website\"},\"datePublished\":\"2022-09-19T11:04:34+00:00\",\"dateModified\":\"2023-03-28T09:00:47+00:00\",\"breadcrumb\":{\"@id\":\"https:\\\/\\\/villalorenzo.com\\\/de\\\/politica-de-cookies\\\/#breadcrumb\"},\"inLanguage\":\"es\",\"potentialAction\":[{\"@type\":\"ReadAction\",\"target\":[\"https:\\\/\\\/villalorenzo.com\\\/de\\\/politica-de-cookies\\\/\"]}]},{\"@type\":\"BreadcrumbList\",\"@id\":\"https:\\\/\\\/villalorenzo.com\\\/de\\\/politica-de-cookies\\\/#breadcrumb\",\"itemListElement\":[{\"@type\":\"ListItem\",\"position\":1,\"name\":\"Portada\",\"item\":\"https:\\\/\\\/villalorenzo.com\\\/de\\\/\"},{\"@type\":\"ListItem\",\"position\":2,\"name\":\"Pol\u00edtica de cookies\"}]},{\"@type\":\"WebSite\",\"@id\":\"https:\\\/\\\/villalorenzo.com\\\/de\\\/#website\",\"url\":\"https:\\\/\\\/villalorenzo.com\\\/de\\\/\",\"name\":\"Villa Lorenzo De\",\"description\":\"Villa en Cala Figuera, Mallorca\",\"publisher\":{\"@id\":\"https:\\\/\\\/villalorenzo.com\\\/de\\\/#organization\"},\"potentialAction\":[{\"@type\":\"SearchAction\",\"target\":{\"@type\":\"EntryPoint\",\"urlTemplate\":\"https:\\\/\\\/villalorenzo.com\\\/de\\\/?s={search_term_string}\"},\"query-input\":{\"@type\":\"PropertyValueSpecification\",\"valueRequired\":true,\"valueName\":\"search_term_string\"}}],\"inLanguage\":\"es\"},{\"@type\":\"Organization\",\"@id\":\"https:\\\/\\\/villalorenzo.com\\\/de\\\/#organization\",\"name\":\"Villa Lorenzo De\",\"url\":\"https:\\\/\\\/villalorenzo.com\\\/de\\\/\",\"logo\":{\"@type\":\"ImageObject\",\"inLanguage\":\"es\",\"@id\":\"https:\\\/\\\/villalorenzo.com\\\/de\\\/#\\\/schema\\\/logo\\\/image\\\/\",\"url\":\"https:\\\/\\\/villalorenzo.com\\\/de\\\/wp-content\\\/uploads\\\/sites\\\/3\\\/Logo-Villa-Lorenzo.webp\",\"contentUrl\":\"https:\\\/\\\/villalorenzo.com\\\/de\\\/wp-content\\\/uploads\\\/sites\\\/3\\\/Logo-Villa-Lorenzo.webp\",\"width\":500,\"height\":173,\"caption\":\"Villa Lorenzo De\"},\"image\":{\"@id\":\"https:\\\/\\\/villalorenzo.com\\\/de\\\/#\\\/schema\\\/logo\\\/image\\\/\"}}]}<\/script>\n<!-- \/ Yoast SEO plugin. -->","yoast_head_json":{"title":"Pol\u00edtica de cookies - Villa Lorenzo De","robots":{"index":"noindex","follow":"nofollow"},"og_locale":"es_ES","og_type":"article","og_title":"Pol\u00edtica de cookies - Villa Lorenzo De","og_description":"POL\u00cdTICA DE COOKIES El acceso a este Sitio Web puede implicar la utilizaci\u00f3n de cookies. Las cookies son peque\u00f1as cantidades de informaci\u00f3n que se almacenan en el navegador utilizado por cada Usuario \u2014en los distintos dispositivos que pueda utilizar para navegar\u2014 para que el servidor recuerde cierta informaci\u00f3n que posteriormente y \u00fanicamente el servidor que [&hellip;]","og_url":"https:\/\/villalorenzo.com\/de\/politica-de-cookies\/","og_site_name":"Villa Lorenzo De","article_modified_time":"2023-03-28T09:00:47+00:00","twitter_card":"summary_large_image","twitter_misc":{"Tiempo de lectura":"5 minutos"},"schema":{"@context":"https:\/\/schema.org","@graph":[{"@type":"WebPage","@id":"https:\/\/villalorenzo.com\/de\/politica-de-cookies\/","url":"https:\/\/villalorenzo.com\/de\/politica-de-cookies\/","name":"Pol\u00edtica de cookies - Villa Lorenzo De","isPartOf":{"@id":"https:\/\/villalorenzo.com\/de\/#website"},"datePublished":"2022-09-19T11:04:34+00:00","dateModified":"2023-03-28T09:00:47+00:00","breadcrumb":{"@id":"https:\/\/villalorenzo.com\/de\/politica-de-cookies\/#breadcrumb"},"inLanguage":"es","potentialAction":[{"@type":"ReadAction","target":["https:\/\/villalorenzo.com\/de\/politica-de-cookies\/"]}]},{"@type":"BreadcrumbList","@id":"https:\/\/villalorenzo.com\/de\/politica-de-cookies\/#breadcrumb","itemListElement":[{"@type":"ListItem","position":1,"name":"Portada","item":"https:\/\/villalorenzo.com\/de\/"},{"@type":"ListItem","position":2,"name":"Pol\u00edtica de cookies"}]},{"@type":"WebSite","@id":"https:\/\/villalorenzo.com\/de\/#website","url":"https:\/\/villalorenzo.com\/de\/","name":"Villa Lorenzo De","description":"Villa en Cala Figuera, Mallorca","publisher":{"@id":"https:\/\/villalorenzo.com\/de\/#organization"},"potentialAction":[{"@type":"SearchAction","target":{"@type":"EntryPoint","urlTemplate":"https:\/\/villalorenzo.com\/de\/?s={search_term_string}"},"query-input":{"@type":"PropertyValueSpecification","valueRequired":true,"valueName":"search_term_string"}}],"inLanguage":"es"},{"@type":"Organization","@id":"https:\/\/villalorenzo.com\/de\/#organization","name":"Villa Lorenzo De","url":"https:\/\/villalorenzo.com\/de\/","logo":{"@type":"ImageObject","inLanguage":"es","@id":"https:\/\/villalorenzo.com\/de\/#\/schema\/logo\/image\/","url":"https:\/\/villalorenzo.com\/de\/wp-content\/uploads\/sites\/3\/Logo-Villa-Lorenzo.webp","contentUrl":"https:\/\/villalorenzo.com\/de\/wp-content\/uploads\/sites\/3\/Logo-Villa-Lorenzo.webp","width":500,"height":173,"caption":"Villa Lorenzo De"},"image":{"@id":"https:\/\/villalorenzo.com\/de\/#\/schema\/logo\/image\/"}}]}},"_links":{"self":[{"href":"https:\/\/villalorenzo.com\/de\/wp-json\/wp\/v2\/pages\/33","targetHints":{"allow":["GET"]}}],"collection":[{"href":"https:\/\/villalorenzo.com\/de\/wp-json\/wp\/v2\/pages"}],"about":[{"href":"https:\/\/villalorenzo.com\/de\/wp-json\/wp\/v2\/types\/page"}],"author":[{"embeddable":true,"href":"https:\/\/villalorenzo.com\/de\/wp-json\/wp\/v2\/users\/1"}],"replies":[{"embeddable":true,"href":"https:\/\/villalorenzo.com\/de\/wp-json\/wp\/v2\/comments?post=33"}],"version-history":[{"count":1,"href":"https:\/\/villalorenzo.com\/de\/wp-json\/wp\/v2\/pages\/33\/revisions"}],"predecessor-version":[{"id":1815,"href":"https:\/\/villalorenzo.com\/de\/wp-json\/wp\/v2\/pages\/33\/revisions\/1815"}],"wp:attachment":[{"href":"https:\/\/villalorenzo.com\/de\/wp-json\/wp\/v2\/media?parent=33"}],"curies":[{"name":"wp","href":"https:\/\/api.w.org\/{rel}","templated":true}]}}